{"id":1382,"date":"2025-04-29T11:38:40","date_gmt":"2025-04-29T14:38:40","guid":{"rendered":"https:\/\/cauim.tec.br\/?page_id=1382"},"modified":"2025-05-07T20:12:05","modified_gmt":"2025-05-07T23:12:05","slug":"demo","status":"publish","type":"page","link":"https:\/\/cauim.tec.br\/es\/demo\/","title":{"rendered":"Demo"},"content":{"rendered":"<div data-elementor-type=\"wp-page\" data-elementor-id=\"1382\" class=\"elementor elementor-1382\" data-elementor-post-type=\"page\">\n\t\t\t\t<div class=\"elementor-element elementor-element-1e3c849 e-flex e-con-boxed e-con e-parent\" data-id=\"1e3c849\" data-element_type=\"container\">\n\t\t\t\t\t<div class=\"e-con-inner\">\n\t\t\t\t<div class=\"elementor-element elementor-element-697c0ac elementor-widget elementor-widget-heading\" data-id=\"697c0ac\" data-element_type=\"widget\" data-widget_type=\"heading.default\">\n\t\t\t\t<div class=\"elementor-widget-container\">\n\t\t\t\t\t<h2 class=\"elementor-heading-title elementor-size-default\">Veja na pr\u00e1tica<\/h2>\t\t\t\t<\/div>\n\t\t\t\t<\/div>\n\t\t\t\t<div class=\"elementor-element elementor-element-fb4c997 elementor-widget elementor-widget-text-editor\" data-id=\"fb4c997\" data-element_type=\"widget\" data-widget_type=\"text-editor.default\">\n\t\t\t\t<div class=\"elementor-widget-container\">\n\t\t\t\t\t\t\t\t\t<p>Fa\u00e7a um tour pela plataforma. Assista aos v\u00eddeos com o passo-a-passo para utilizar a plataforma.<\/p>\t\t\t\t\t\t\t\t<\/div>\n\t\t\t\t<\/div>\n\t\t\t\t\t<\/div>\n\t\t\t\t<\/div>\n\t\t<div class=\"elementor-element elementor-element-bc093e5 e-flex e-con-boxed e-con e-parent\" data-id=\"bc093e5\" data-element_type=\"container\">\n\t\t\t\t\t<div class=\"e-con-inner\">\n\t\t\t\t<div class=\"elementor-element elementor-element-587dd4d elementor-widget elementor-widget-text-editor\" data-id=\"587dd4d\" data-element_type=\"widget\" data-widget_type=\"text-editor.default\">\n\t\t\t\t<div class=\"elementor-widget-container\">\n\t\t\t\t\t\t\t\t\t<p>Aguarde. Em breve&#8230;<\/p>\t\t\t\t\t\t\t\t<\/div>\n\t\t\t\t<\/div>\n\t\t\t\t\t<\/div>\n\t\t\t\t<\/div>\n\t\t<div class=\"elementor-element elementor-element-f7df58f animated-slow elementor-hidden-desktop elementor-hidden-tablet elementor-hidden-mobile e-flex e-con-boxed elementor-invisible e-con e-parent\" data-id=\"f7df58f\" data-element_type=\"container\" data-settings=\"{&quot;animation&quot;:&quot;fadeInUp&quot;}\">\n\t\t\t\t\t<div class=\"e-con-inner\">\n\t\t<div class=\"elementor-element elementor-element-517b508 e-con-full e-flex e-con e-child\" data-id=\"517b508\" data-element_type=\"container\">\n\t\t\t\t<div class=\"elementor-element elementor-element-3a4b1d1 elementor-widget elementor-widget-video\" data-id=\"3a4b1d1\" data-element_type=\"widget\" data-settings=\"{&quot;video_type&quot;:&quot;hosted&quot;,&quot;show_image_overlay&quot;:&quot;yes&quot;,&quot;image_overlay&quot;:{&quot;url&quot;:&quot;https:\\\/\\\/cauim.tec.br\\\/wp-content\\\/uploads\\\/2025\\\/05\\\/pray.png&quot;,&quot;id&quot;:1642,&quot;size&quot;:&quot;&quot;,&quot;alt&quot;:&quot;&quot;,&quot;source&quot;:&quot;library&quot;},&quot;controls&quot;:&quot;yes&quot;}\" data-widget_type=\"video.default\">\n\t\t\t\t<div class=\"elementor-widget-container\">\n\t\t\t\t\t\t\t<div class=\"e-hosted-video elementor-wrapper elementor-open-inline\">\n\t\t\t\t\t<video class=\"elementor-video\" src=\"#\" controls=\"\" preload=\"metadata\" controlslist=\"nodownload\" poster=\"https:\/\/cauim.tec.br\/wp-content\/uploads\/2025\/05\/pray.png\"><\/video>\n\t\t\t\t\t\t<div class=\"elementor-custom-embed-image-overlay\" style=\"background-image: url(https:\/\/cauim.tec.br\/wp-content\/uploads\/2025\/05\/pray.png);\">\n\t\t\t\t\t\t\t\t\t\t\t\t\t\t\t\t<div class=\"elementor-custom-embed-play\" role=\"button\" aria-label=\"Play Video\" tabindex=\"0\">\n\t\t\t\t\t\t\t<svg aria-hidden=\"true\" class=\"e-font-icon-svg e-eicon-play\" viewbox=\"0 0 1000 1000\" xmlns=\"http:\/\/www.w3.org\/2000\/svg\"><path d=\"M838 162C746 71 633 25 500 25 371 25 258 71 163 162 71 254 25 367 25 500 25 633 71 746 163 837 254 929 367 979 500 979 633 979 746 933 838 837 929 746 975 633 975 500 975 367 929 254 838 162M808 192C892 279 933 379 933 500 933 621 892 725 808 808 725 892 621 938 500 938 379 938 279 896 196 808 113 725 67 621 67 500 67 379 108 279 196 192 279 108 383 62 500 62 621 62 721 108 808 192M438 392V642L642 517 438 392Z\"><\/path><\/svg>\t\t\t\t\t\t<\/div>\n\t\t\t\t\t\t\t\t\t<\/div>\n\t\t\t\t\t<\/div>\n\t\t\t\t\t\t<\/div>\n\t\t\t\t<\/div>\n\t\t\t\t<div class=\"elementor-element elementor-element-a8fac90 elementor-widget elementor-widget-heading\" data-id=\"a8fac90\" data-element_type=\"widget\" data-widget_type=\"heading.default\">\n\t\t\t\t<div class=\"elementor-widget-container\">\n\t\t\t\t\t<h6 class=\"elementor-heading-title elementor-size-default\">Iniciando<\/h6>\t\t\t\t<\/div>\n\t\t\t\t<\/div>\n\t\t\t\t<div class=\"elementor-element elementor-element-e218a31 elementor-widget elementor-widget-text-editor\" data-id=\"e218a31\" data-element_type=\"widget\" data-widget_type=\"text-editor.default\">\n\t\t\t\t<div class=\"elementor-widget-container\">\n\t\t\t\t\t\t\t\t\t<p>Iniciando sua conta e acessos<\/p>\t\t\t\t\t\t\t\t<\/div>\n\t\t\t\t<\/div>\n\t\t\t\t<\/div>\n\t\t<div class=\"elementor-element elementor-element-07a780f e-con-full e-flex e-con e-child\" data-id=\"07a780f\" data-element_type=\"container\">\n\t\t\t\t<div class=\"elementor-element elementor-element-e54aa2f elementor-widget elementor-widget-video\" data-id=\"e54aa2f\" data-element_type=\"widget\" data-settings=\"{&quot;youtube_url&quot;:&quot;https:\\\/\\\/www.youtube.com\\\/watch?v=XHOmBV4js_E&quot;,&quot;video_type&quot;:&quot;youtube&quot;,&quot;controls&quot;:&quot;yes&quot;}\" data-widget_type=\"video.default\">\n\t\t\t\t<div class=\"elementor-widget-container\">\n\t\t\t\t\t\t\t<div class=\"elementor-wrapper elementor-open-inline\">\n\t\t\t<div class=\"elementor-video\"><\/div>\t\t<\/div>\n\t\t\t\t\t\t<\/div>\n\t\t\t\t<\/div>\n\t\t\t\t<div class=\"elementor-element elementor-element-cbdee45 elementor-widget elementor-widget-heading\" data-id=\"cbdee45\" data-element_type=\"widget\" data-widget_type=\"heading.default\">\n\t\t\t\t<div class=\"elementor-widget-container\">\n\t\t\t\t\t<h6 class=\"elementor-heading-title elementor-size-default\">Configurando<\/h6>\t\t\t\t<\/div>\n\t\t\t\t<\/div>\n\t\t\t\t<div class=\"elementor-element elementor-element-48e0c8c elementor-widget elementor-widget-text-editor\" data-id=\"48e0c8c\" data-element_type=\"widget\" data-widget_type=\"text-editor.default\">\n\t\t\t\t<div class=\"elementor-widget-container\">\n\t\t\t\t\t\t\t\t\t<p>Configurando seu ambiente<\/p>\t\t\t\t\t\t\t\t<\/div>\n\t\t\t\t<\/div>\n\t\t\t\t<\/div>\n\t\t<div class=\"elementor-element elementor-element-802ba07 e-con-full e-flex e-con e-child\" data-id=\"802ba07\" data-element_type=\"container\">\n\t\t\t\t<div class=\"elementor-element elementor-element-fb3d491 elementor-widget elementor-widget-video\" data-id=\"fb3d491\" data-element_type=\"widget\" data-settings=\"{&quot;youtube_url&quot;:&quot;https:\\\/\\\/www.youtube.com\\\/watch?v=XHOmBV4js_E&quot;,&quot;video_type&quot;:&quot;youtube&quot;,&quot;controls&quot;:&quot;yes&quot;}\" data-widget_type=\"video.default\">\n\t\t\t\t<div class=\"elementor-widget-container\">\n\t\t\t\t\t\t\t<div class=\"elementor-wrapper elementor-open-inline\">\n\t\t\t<div class=\"elementor-video\"><\/div>\t\t<\/div>\n\t\t\t\t\t\t<\/div>\n\t\t\t\t<\/div>\n\t\t\t\t<div class=\"elementor-element elementor-element-1557ecd elementor-widget elementor-widget-heading\" data-id=\"1557ecd\" data-element_type=\"widget\" data-widget_type=\"heading.default\">\n\t\t\t\t<div class=\"elementor-widget-container\">\n\t\t\t\t\t<h6 class=\"elementor-heading-title elementor-size-default\">Emitindo Nota Fiscal<\/h6>\t\t\t\t<\/div>\n\t\t\t\t<\/div>\n\t\t\t\t<div class=\"elementor-element elementor-element-d1cfe67 elementor-widget elementor-widget-text-editor\" data-id=\"d1cfe67\" data-element_type=\"widget\" data-widget_type=\"text-editor.default\">\n\t\t\t\t<div class=\"elementor-widget-container\">\n\t\t\t\t\t\t\t\t\t<p>Emita suas primeiras notas.<\/p>\t\t\t\t\t\t\t\t<\/div>\n\t\t\t\t<\/div>\n\t\t\t\t<\/div>\n\t\t\t\t\t<\/div>\n\t\t\t\t<\/div>\n\t\t\t\t<\/div>","protected":false},"excerpt":{"rendered":"<p>Veja na pr\u00e1tica Fa\u00e7a um tour pela plataforma. Assista aos v\u00eddeos com o passo-a-passo para utilizar a plataforma. Aguarde. Em breve&#8230; # Iniciando Iniciando sua conta e acessos https:\/\/www.youtube.com\/watch?v=XHOmBV4js_E Configurando Configurando seu ambiente https:\/\/www.youtube.com\/watch?v=XHOmBV4js_E Emitindo Nota Fiscal Emita suas primeiras notas.<\/p>","protected":false},"author":1,"featured_media":0,"parent":0,"menu_order":0,"comment_status":"closed","ping_status":"closed","template":"","meta":{"footnotes":""},"class_list":["post-1382","page","type-page","status-publish","hentry"],"yoast_head":"<!-- This site is optimized with the Yoast SEO plugin v25.8 - https:\/\/yoast.com\/wordpress\/plugins\/seo\/ -->\n<title>Demo - Cauim ERP<\/title>\n<meta name=\"robots\" content=\"index, follow, max-snippet:-1, max-image-preview:large, max-video-preview:-1\" \/>\n<link rel=\"canonical\" href=\"https:\/\/cauim.tec.br\/es\/demo\/\" \/>\n<meta property=\"og:locale\" content=\"es_ES\" \/>\n<meta property=\"og:type\" content=\"article\" \/>\n<meta property=\"og:title\" content=\"Demo - Cauim ERP\" \/>\n<meta property=\"og:description\" content=\"Veja na pr\u00e1tica Fa\u00e7a um tour pela plataforma. Assista aos v\u00eddeos com o passo-a-passo para utilizar a plataforma. Aguarde. Em breve&#8230; # Iniciando Iniciando sua conta e acessos https:\/\/www.youtube.com\/watch?v=XHOmBV4js_E Configurando Configurando seu ambiente https:\/\/www.youtube.com\/watch?v=XHOmBV4js_E Emitindo Nota Fiscal Emita suas primeiras notas.\" \/>\n<meta property=\"og:url\" content=\"https:\/\/cauim.tec.br\/es\/demo\/\" \/>\n<meta property=\"og:site_name\" content=\"Cauim ERP\" \/>\n<meta property=\"article:modified_time\" content=\"2025-05-07T23:12:05+00:00\" \/>\n<meta name=\"twitter:card\" content=\"summary_large_image\" \/>\n<script type=\"application\/ld+json\" class=\"yoast-schema-graph\">{\"@context\":\"https:\/\/schema.org\",\"@graph\":[{\"@type\":\"WebPage\",\"@id\":\"https:\/\/cauim.tec.br\/demo\/\",\"url\":\"https:\/\/cauim.tec.br\/demo\/\",\"name\":\"Demo - Cauim ERP\",\"isPartOf\":{\"@id\":\"https:\/\/cauim.tec.br\/#website\"},\"datePublished\":\"2025-04-29T14:38:40+00:00\",\"dateModified\":\"2025-05-07T23:12:05+00:00\",\"breadcrumb\":{\"@id\":\"https:\/\/cauim.tec.br\/demo\/#breadcrumb\"},\"inLanguage\":\"es\",\"potentialAction\":[{\"@type\":\"ReadAction\",\"target\":[\"https:\/\/cauim.tec.br\/demo\/\"]}]},{\"@type\":\"BreadcrumbList\",\"@id\":\"https:\/\/cauim.tec.br\/demo\/#breadcrumb\",\"itemListElement\":[{\"@type\":\"ListItem\",\"position\":1,\"name\":\"Home\",\"item\":\"https:\/\/cauim.tec.br\/\"},{\"@type\":\"ListItem\",\"position\":2,\"name\":\"Demo\"}]},{\"@type\":\"WebSite\",\"@id\":\"https:\/\/cauim.tec.br\/#website\",\"url\":\"https:\/\/cauim.tec.br\/\",\"name\":\"Cauim - Sistema de gest\u00e3o para controle financeiro MEI\",\"description\":\"Sistema de gest\u00e3o financeiro para MEI e pequenas empresas\",\"publisher\":{\"@id\":\"https:\/\/cauim.tec.br\/#organization\"},\"potentialAction\":[{\"@type\":\"SearchAction\",\"target\":{\"@type\":\"EntryPoint\",\"urlTemplate\":\"https:\/\/cauim.tec.br\/?s={search_term_string}\"},\"query-input\":{\"@type\":\"PropertyValueSpecification\",\"valueRequired\":true,\"valueName\":\"search_term_string\"}}],\"inLanguage\":\"es\"},{\"@type\":\"Organization\",\"@id\":\"https:\/\/cauim.tec.br\/#organization\",\"name\":\"Cauim - Sistema de gest\u00e3o para controle financeiro MEI\",\"url\":\"https:\/\/cauim.tec.br\/\",\"logo\":{\"@type\":\"ImageObject\",\"inLanguage\":\"es\",\"@id\":\"https:\/\/cauim.tec.br\/#\/schema\/logo\/image\/\",\"url\":\"https:\/\/cauim.tec.br\/wp-content\/uploads\/2024\/03\/logo-cauim-1.png\",\"contentUrl\":\"https:\/\/cauim.tec.br\/wp-content\/uploads\/2024\/03\/logo-cauim-1.png\",\"width\":540,\"height\":212,\"caption\":\"Cauim - Sistema de gest\u00e3o para controle financeiro MEI\"},\"image\":{\"@id\":\"https:\/\/cauim.tec.br\/#\/schema\/logo\/image\/\"}}]}<\/script>\n<!-- \/ Yoast SEO plugin. -->","yoast_head_json":{"title":"Demo - Cauim ERP","robots":{"index":"index","follow":"follow","max-snippet":"max-snippet:-1","max-image-preview":"max-image-preview:large","max-video-preview":"max-video-preview:-1"},"canonical":"https:\/\/cauim.tec.br\/es\/demo\/","og_locale":"es_ES","og_type":"article","og_title":"Demo - Cauim ERP","og_description":"Veja na pr\u00e1tica Fa\u00e7a um tour pela plataforma. Assista aos v\u00eddeos com o passo-a-passo para utilizar a plataforma. Aguarde. Em breve&#8230; # Iniciando Iniciando sua conta e acessos https:\/\/www.youtube.com\/watch?v=XHOmBV4js_E Configurando Configurando seu ambiente https:\/\/www.youtube.com\/watch?v=XHOmBV4js_E Emitindo Nota Fiscal Emita suas primeiras notas.","og_url":"https:\/\/cauim.tec.br\/es\/demo\/","og_site_name":"Cauim ERP","article_modified_time":"2025-05-07T23:12:05+00:00","twitter_card":"summary_large_image","schema":{"@context":"https:\/\/schema.org","@graph":[{"@type":"WebPage","@id":"https:\/\/cauim.tec.br\/demo\/","url":"https:\/\/cauim.tec.br\/demo\/","name":"Demo - Cauim ERP","isPartOf":{"@id":"https:\/\/cauim.tec.br\/#website"},"datePublished":"2025-04-29T14:38:40+00:00","dateModified":"2025-05-07T23:12:05+00:00","breadcrumb":{"@id":"https:\/\/cauim.tec.br\/demo\/#breadcrumb"},"inLanguage":"es","potentialAction":[{"@type":"ReadAction","target":["https:\/\/cauim.tec.br\/demo\/"]}]},{"@type":"BreadcrumbList","@id":"https:\/\/cauim.tec.br\/demo\/#breadcrumb","itemListElement":[{"@type":"ListItem","position":1,"name":"Home","item":"https:\/\/cauim.tec.br\/"},{"@type":"ListItem","position":2,"name":"Demo"}]},{"@type":"WebSite","@id":"https:\/\/cauim.tec.br\/#website","url":"https:\/\/cauim.tec.br\/","name":"Cauim - Sistema de gest\u00e3o para controle financeiro MEI","description":"Sistema de gest\u00e3o financeiro para MEI e pequenas empresas","publisher":{"@id":"https:\/\/cauim.tec.br\/#organization"},"potentialAction":[{"@type":"SearchAction","target":{"@type":"EntryPoint","urlTemplate":"https:\/\/cauim.tec.br\/?s={search_term_string}"},"query-input":{"@type":"PropertyValueSpecification","valueRequired":true,"valueName":"search_term_string"}}],"inLanguage":"es"},{"@type":"Organization","@id":"https:\/\/cauim.tec.br\/#organization","name":"Cauim - Sistema de gest\u00e3o para controle financeiro MEI","url":"https:\/\/cauim.tec.br\/","logo":{"@type":"ImageObject","inLanguage":"es","@id":"https:\/\/cauim.tec.br\/#\/schema\/logo\/image\/","url":"https:\/\/cauim.tec.br\/wp-content\/uploads\/2024\/03\/logo-cauim-1.png","contentUrl":"https:\/\/cauim.tec.br\/wp-content\/uploads\/2024\/03\/logo-cauim-1.png","width":540,"height":212,"caption":"Cauim - Sistema de gest\u00e3o para controle financeiro MEI"},"image":{"@id":"https:\/\/cauim.tec.br\/#\/schema\/logo\/image\/"}}]}},"_links":{"self":[{"href":"https:\/\/cauim.tec.br\/es\/wp-json\/wp\/v2\/pages\/1382","targetHints":{"allow":["GET"]}}],"collection":[{"href":"https:\/\/cauim.tec.br\/es\/wp-json\/wp\/v2\/pages"}],"about":[{"href":"https:\/\/cauim.tec.br\/es\/wp-json\/wp\/v2\/types\/page"}],"author":[{"embeddable":true,"href":"https:\/\/cauim.tec.br\/es\/wp-json\/wp\/v2\/users\/1"}],"replies":[{"embeddable":true,"href":"https:\/\/cauim.tec.br\/es\/wp-json\/wp\/v2\/comments?post=1382"}],"version-history":[{"count":49,"href":"https:\/\/cauim.tec.br\/es\/wp-json\/wp\/v2\/pages\/1382\/revisions"}],"predecessor-version":[{"id":1663,"href":"https:\/\/cauim.tec.br\/es\/wp-json\/wp\/v2\/pages\/1382\/revisions\/1663"}],"wp:attachment":[{"href":"https:\/\/cauim.tec.br\/es\/wp-json\/wp\/v2\/media?parent=1382"}],"curies":[{"name":"wp","href":"https:\/\/api.w.org\/{rel}","templated":true}]}}