{"id":1193,"date":"2025-04-29T08:09:16","date_gmt":"2025-04-29T11:09:16","guid":{"rendered":"https:\/\/cauim.tec.br\/?page_id=1193"},"modified":"2025-09-26T11:42:37","modified_gmt":"2025-09-26T14:42:37","slug":"experimente","status":"publish","type":"page","link":"https:\/\/cauim.tec.br\/es\/experimente\/","title":{"rendered":"Experimente Gr\u00e1tis"},"content":{"rendered":"<div data-elementor-type=\"wp-page\" data-elementor-id=\"1193\" class=\"elementor elementor-1193\" data-elementor-post-type=\"page\">\n\t\t\t\t<div class=\"elementor-element elementor-element-c49f1e7 e-flex e-con-boxed e-con e-parent\" data-id=\"c49f1e7\" data-element_type=\"container\">\n\t\t\t\t\t<div class=\"e-con-inner\">\n\t\t\t\t<div class=\"elementor-element elementor-element-7619ee9 elementor-widget elementor-widget-heading\" data-id=\"7619ee9\" data-element_type=\"widget\" data-widget_type=\"heading.default\">\n\t\t\t\t<div class=\"elementor-widget-container\">\n\t\t\t\t\t<h2 class=\"elementor-heading-title elementor-size-default\">Experimente Gr\u00e1tis<\/h2>\t\t\t\t<\/div>\n\t\t\t\t<\/div>\n\t\t\t\t<div class=\"elementor-element elementor-element-e75a86a elementor-widget elementor-widget-text-editor\" data-id=\"e75a86a\" data-element_type=\"widget\" data-widget_type=\"text-editor.default\">\n\t\t\t\t<div class=\"elementor-widget-container\">\n\t\t\t\t\t\t\t\t\t<p class=\"p1\">Entre na Lista de Espera do Cauim ERP. Seja o primeiro a testar GRATUITAMENTE nossa plataforma.<\/p>\t\t\t\t\t\t\t\t<\/div>\n\t\t\t\t<\/div>\n\t\t\t\t\t<\/div>\n\t\t\t\t<\/div>\n\t\t<div class=\"elementor-element elementor-element-b21fb6f e-flex e-con-boxed e-con e-parent\" data-id=\"b21fb6f\" data-element_type=\"container\">\n\t\t\t\t\t<div class=\"e-con-inner\">\n\t\t\t\t<div class=\"elementor-element elementor-element-7968242 elementor-button-align-stretch elementor-widget elementor-widget-form\" data-id=\"7968242\" data-element_type=\"widget\" data-settings=\"{&quot;step_next_label&quot;:&quot;Next&quot;,&quot;step_previous_label&quot;:&quot;Previous&quot;,&quot;button_width&quot;:&quot;100&quot;,&quot;step_type&quot;:&quot;number_text&quot;,&quot;step_icon_shape&quot;:&quot;circle&quot;}\" data-widget_type=\"form.default\">\n\t\t\t\t<div class=\"elementor-widget-container\">\n\t\t\t\t\t\t\t<form class=\"elementor-form\" method=\"post\" id=\"experimente\" name=\"Experimente\" novalidate=\"\" action=\"\">\n\t\t\t<input type=\"hidden\" name=\"post_id\" value=\"1193\"\/>\n\t\t\t<input type=\"hidden\" name=\"form_id\" value=\"7968242\"\/>\n\t\t\t<input type=\"hidden\" name=\"referer_title\" value=\"Cauim ERP\" \/>\n\n\t\t\t\n\t\t\t<div class=\"elementor-form-fields-wrapper elementor-labels-above\">\n\t\t\t\t\t\t\t\t<div class=\"elementor-field-type-text elementor-field-group elementor-column elementor-field-group-name elementor-col-100 elementor-field-required\">\n\t\t\t\t\t\t\t\t\t\t\t\t<label for=\"form-field-name\" class=\"elementor-field-label\">\n\t\t\t\t\t\t\t\tSeu Nome\t\t\t\t\t\t\t<\/label>\n\t\t\t\t\t\t\t\t\t\t\t\t\t\t<input size=\"1\" type=\"text\" name=\"form_fields[name]\" id=\"form-field-name\" class=\"elementor-field elementor-size-sm  elementor-field-textual\" required=\"required\">\n\t\t\t\t\t\t\t\t\t\t\t<\/div>\n\t\t\t\t\t\t\t\t<div class=\"elementor-field-type-email elementor-field-group elementor-column elementor-field-group-email elementor-col-100 elementor-field-required\">\n\t\t\t\t\t\t\t\t\t\t\t\t<label for=\"form-field-email\" class=\"elementor-field-label\">\n\t\t\t\t\t\t\t\tEmail\t\t\t\t\t\t\t<\/label>\n\t\t\t\t\t\t\t\t\t\t\t\t\t\t<input size=\"1\" type=\"email\" name=\"form_fields[email]\" id=\"form-field-email\" class=\"elementor-field elementor-size-sm  elementor-field-textual\" required=\"required\">\n\t\t\t\t\t\t\t\t\t\t\t<\/div>\n\t\t\t\t\t\t\t\t<div class=\"elementor-field-type-text elementor-field-group elementor-column elementor-field-group-field_1c785b7 elementor-col-100\">\n\t\t\t\t\t\t\t\t\t\t\t\t<label for=\"form-field-field_1c785b7\" class=\"elementor-field-label\">\n\t\t\t\t\t\t\t\tSeu WhatsApp\t\t\t\t\t\t\t<\/label>\n\t\t\t\t\t\t\t\t\t\t\t\t\t\t<input size=\"1\" type=\"text\" name=\"form_fields[field_1c785b7]\" id=\"form-field-field_1c785b7\" class=\"elementor-field elementor-size-sm  elementor-field-textual\">\n\t\t\t\t\t\t\t\t\t\t\t<\/div>\n\t\t\t\t\t\t\t\t<div class=\"elementor-field-type-text elementor-field-group elementor-column elementor-field-group-field_d9017a1 elementor-col-100\">\n\t\t\t\t\t\t\t\t\t\t\t\t<label for=\"form-field-field_d9017a1\" class=\"elementor-field-label\">\n\t\t\t\t\t\t\t\tCPF\t\t\t\t\t\t\t<\/label>\n\t\t\t\t\t\t\t\t\t\t\t\t\t\t<input size=\"1\" type=\"text\" name=\"form_fields[field_d9017a1]\" id=\"form-field-field_d9017a1\" class=\"elementor-field elementor-size-sm  elementor-field-textual\">\n\t\t\t\t\t\t\t\t\t\t\t<\/div>\n\t\t\t\t\t\t\t\t<div class=\"elementor-field-type-select elementor-field-group elementor-column elementor-field-group-field_3397347 elementor-col-100\">\n\t\t\t\t\t\t\t\t\t\t\t\t<label for=\"form-field-field_3397347\" class=\"elementor-field-label\">\n\t\t\t\t\t\t\t\tSegmento de atua\u00e7\u00e3o\t\t\t\t\t\t\t<\/label>\n\t\t\t\t\t\t\t\t<div class=\"elementor-field elementor-select-wrapper remove-before\">\n\t\t\t<div class=\"select-caret-down-wrapper\">\n\t\t\t\t<svg aria-hidden=\"true\" class=\"e-font-icon-svg e-eicon-caret-down\" viewbox=\"0 0 571.4 571.4\" xmlns=\"http:\/\/www.w3.org\/2000\/svg\"><path d=\"M571 393Q571 407 561 418L311 668Q300 679 286 679T261 668L11 418Q0 407 0 393T11 368 36 357H536Q550 357 561 368T571 393Z\"><\/path><\/svg>\t\t\t<\/div>\n\t\t\t<select name=\"form_fields[field_3397347]\" id=\"form-field-field_3397347\" class=\"elementor-field-textual elementor-size-sm\">\n\t\t\t\t\t\t\t\t\t<option value=\"MEI\">MEI<\/option>\n\t\t\t\t\t\t\t\t\t<option value=\"Simples Nacional\">Simples Nacional<\/option>\n\t\t\t\t\t\t\t\t\t<option value=\"Presta\u00e7\u00e3o servi\u00e7os\">Presta\u00e7\u00e3o servi\u00e7os<\/option>\n\t\t\t\t\t\t\t\t\t<option value=\"Sa\u00fade\">Sa\u00fade<\/option>\n\t\t\t\t\t\t\t\t\t<option value=\"Beleza\">Beleza<\/option>\n\t\t\t\t\t\t\t\t\t<option value=\"Tecnologia\">Tecnologia<\/option>\n\t\t\t\t\t\t\t\t\t<option value=\"Alimenta\u00e7\u00e3o\">Alimenta\u00e7\u00e3o<\/option>\n\t\t\t\t\t\t\t\t\t<option value=\"Treinamentos\">Treinamentos<\/option>\n\t\t\t\t\t\t\t\t\t<option value=\"Outros\">Outros<\/option>\n\t\t\t\t\t\t\t<\/select>\n\t\t<\/div>\n\t\t\t\t\t\t<\/div>\n\t\t\t\t\t\t\t\t<div class=\"elementor-field-type-text elementor-field-group elementor-column elementor-field-group-field_28276f3 elementor-col-100\">\n\t\t\t\t\t\t\t\t\t\t\t\t<label for=\"form-field-field_28276f3\" class=\"elementor-field-label\">\n\t\t\t\t\t\t\t\tNome da empresa \t\t\t\t\t\t\t<\/label>\n\t\t\t\t\t\t\t\t\t\t\t\t\t\t<input size=\"1\" type=\"text\" name=\"form_fields[field_28276f3]\" id=\"form-field-field_28276f3\" class=\"elementor-field elementor-size-sm  elementor-field-textual\">\n\t\t\t\t\t\t\t\t\t\t\t<\/div>\n\t\t\t\t\t\t\t\t<div class=\"elementor-field-type-text elementor-field-group elementor-column elementor-field-group-field_65c3e7b elementor-col-100\">\n\t\t\t\t\t\t\t\t\t\t\t\t<label for=\"form-field-field_65c3e7b\" class=\"elementor-field-label\">\n\t\t\t\t\t\t\t\tCNPJ\t\t\t\t\t\t\t<\/label>\n\t\t\t\t\t\t\t\t\t\t\t\t\t\t<input size=\"1\" type=\"text\" name=\"form_fields[field_65c3e7b]\" id=\"form-field-field_65c3e7b\" class=\"elementor-field elementor-size-sm  elementor-field-textual\">\n\t\t\t\t\t\t\t\t\t\t\t<\/div>\n\t\t\t\t\t\t\t\t<div class=\"elementor-field-group elementor-column elementor-field-type-submit elementor-col-100 e-form__buttons\">\n\t\t\t\t\t<button class=\"elementor-button elementor-size-sm\" type=\"submit\">\n\t\t\t\t\t\t<span class=\"elementor-button-content-wrapper\">\n\t\t\t\t\t\t\t\t\t\t\t\t\t\t\t\t\t\t\t\t\t\t<span class=\"elementor-button-text\">Entrar na lista de espera<\/span>\n\t\t\t\t\t\t\t\t\t\t\t\t\t<\/span>\n\t\t\t\t\t<\/button>\n\t\t\t\t<\/div>\n\t\t\t<\/div>\n\t\t<input type=\"hidden\" name=\"trp-form-language\" value=\"es\"\/><\/form>\n\t\t\t\t\t\t<\/div>\n\t\t\t\t<\/div>\n\t\t\t\t\t<\/div>\n\t\t\t\t<\/div>\n\t\t\t\t<\/div>","protected":false},"excerpt":{"rendered":"<p>Experimente Gr\u00e1tis Entre na Lista de Espera do Cauim ERP. Seja o primeiro a testar GRATUITAMENTE nossa plataforma.<\/p>","protected":false},"author":1,"featured_media":0,"parent":0,"menu_order":0,"comment_status":"closed","ping_status":"closed","template":"","meta":{"footnotes":""},"class_list":["post-1193","page","type-page","status-publish","hentry"],"yoast_head":"<!-- This site is optimized with the Yoast SEO plugin v25.8 - https:\/\/yoast.com\/wordpress\/plugins\/seo\/ -->\n<title>Experimente Gr\u00e1tis - Cauim ERP<\/title>\n<meta name=\"robots\" content=\"index, follow, max-snippet:-1, max-image-preview:large, max-video-preview:-1\" \/>\n<link rel=\"canonical\" href=\"https:\/\/cauim.tec.br\/es\/experimente\/\" \/>\n<meta property=\"og:locale\" content=\"es_ES\" \/>\n<meta property=\"og:type\" content=\"article\" \/>\n<meta property=\"og:title\" content=\"Experimente Gr\u00e1tis - Cauim ERP\" \/>\n<meta property=\"og:description\" content=\"Experimente Gr\u00e1tis Entre na Lista de Espera do Cauim ERP. Seja o primeiro a testar GRATUITAMENTE nossa plataforma.\" \/>\n<meta property=\"og:url\" content=\"https:\/\/cauim.tec.br\/es\/experimente\/\" \/>\n<meta property=\"og:site_name\" content=\"Cauim ERP\" \/>\n<meta property=\"article:modified_time\" content=\"2025-09-26T14:42:37+00:00\" \/>\n<meta name=\"twitter:card\" content=\"summary_large_image\" \/>\n<meta name=\"twitter:label1\" content=\"Est. reading time\" \/>\n\t<meta name=\"twitter:data1\" content=\"1 minuto\" \/>\n<script type=\"application\/ld+json\" class=\"yoast-schema-graph\">{\"@context\":\"https:\/\/schema.org\",\"@graph\":[{\"@type\":\"WebPage\",\"@id\":\"https:\/\/cauim.tec.br\/experimente\/\",\"url\":\"https:\/\/cauim.tec.br\/experimente\/\",\"name\":\"Experimente Gr\u00e1tis - Cauim ERP\",\"isPartOf\":{\"@id\":\"https:\/\/cauim.tec.br\/#website\"},\"datePublished\":\"2025-04-29T11:09:16+00:00\",\"dateModified\":\"2025-09-26T14:42:37+00:00\",\"breadcrumb\":{\"@id\":\"https:\/\/cauim.tec.br\/experimente\/#breadcrumb\"},\"inLanguage\":\"es\",\"potentialAction\":[{\"@type\":\"ReadAction\",\"target\":[\"https:\/\/cauim.tec.br\/experimente\/\"]}]},{\"@type\":\"BreadcrumbList\",\"@id\":\"https:\/\/cauim.tec.br\/experimente\/#breadcrumb\",\"itemListElement\":[{\"@type\":\"ListItem\",\"position\":1,\"name\":\"Home\",\"item\":\"https:\/\/cauim.tec.br\/\"},{\"@type\":\"ListItem\",\"position\":2,\"name\":\"Experimente Gr\u00e1tis\"}]},{\"@type\":\"WebSite\",\"@id\":\"https:\/\/cauim.tec.br\/#website\",\"url\":\"https:\/\/cauim.tec.br\/\",\"name\":\"Cauim - Sistema de gest\u00e3o para controle financeiro MEI\",\"description\":\"Sistema de gest\u00e3o financeiro para MEI e pequenas empresas\",\"publisher\":{\"@id\":\"https:\/\/cauim.tec.br\/#organization\"},\"potentialAction\":[{\"@type\":\"SearchAction\",\"target\":{\"@type\":\"EntryPoint\",\"urlTemplate\":\"https:\/\/cauim.tec.br\/?s={search_term_string}\"},\"query-input\":{\"@type\":\"PropertyValueSpecification\",\"valueRequired\":true,\"valueName\":\"search_term_string\"}}],\"inLanguage\":\"es\"},{\"@type\":\"Organization\",\"@id\":\"https:\/\/cauim.tec.br\/#organization\",\"name\":\"Cauim - Sistema de gest\u00e3o para controle financeiro MEI\",\"url\":\"https:\/\/cauim.tec.br\/\",\"logo\":{\"@type\":\"ImageObject\",\"inLanguage\":\"es\",\"@id\":\"https:\/\/cauim.tec.br\/#\/schema\/logo\/image\/\",\"url\":\"https:\/\/cauim.tec.br\/wp-content\/uploads\/2024\/03\/logo-cauim-1.png\",\"contentUrl\":\"https:\/\/cauim.tec.br\/wp-content\/uploads\/2024\/03\/logo-cauim-1.png\",\"width\":540,\"height\":212,\"caption\":\"Cauim - Sistema de gest\u00e3o para controle financeiro MEI\"},\"image\":{\"@id\":\"https:\/\/cauim.tec.br\/#\/schema\/logo\/image\/\"}}]}<\/script>\n<!-- \/ Yoast SEO plugin. -->","yoast_head_json":{"title":"Experimente Gr\u00e1tis - Cauim ERP","robots":{"index":"index","follow":"follow","max-snippet":"max-snippet:-1","max-image-preview":"max-image-preview:large","max-video-preview":"max-video-preview:-1"},"canonical":"https:\/\/cauim.tec.br\/es\/experimente\/","og_locale":"es_ES","og_type":"article","og_title":"Experimente Gr\u00e1tis - Cauim ERP","og_description":"Experimente Gr\u00e1tis Entre na Lista de Espera do Cauim ERP. Seja o primeiro a testar GRATUITAMENTE nossa plataforma.","og_url":"https:\/\/cauim.tec.br\/es\/experimente\/","og_site_name":"Cauim ERP","article_modified_time":"2025-09-26T14:42:37+00:00","twitter_card":"summary_large_image","twitter_misc":{"Est. reading time":"1 minuto"},"schema":{"@context":"https:\/\/schema.org","@graph":[{"@type":"WebPage","@id":"https:\/\/cauim.tec.br\/experimente\/","url":"https:\/\/cauim.tec.br\/experimente\/","name":"Experimente Gr\u00e1tis - Cauim ERP","isPartOf":{"@id":"https:\/\/cauim.tec.br\/#website"},"datePublished":"2025-04-29T11:09:16+00:00","dateModified":"2025-09-26T14:42:37+00:00","breadcrumb":{"@id":"https:\/\/cauim.tec.br\/experimente\/#breadcrumb"},"inLanguage":"es","potentialAction":[{"@type":"ReadAction","target":["https:\/\/cauim.tec.br\/experimente\/"]}]},{"@type":"BreadcrumbList","@id":"https:\/\/cauim.tec.br\/experimente\/#breadcrumb","itemListElement":[{"@type":"ListItem","position":1,"name":"Home","item":"https:\/\/cauim.tec.br\/"},{"@type":"ListItem","position":2,"name":"Experimente Gr\u00e1tis"}]},{"@type":"WebSite","@id":"https:\/\/cauim.tec.br\/#website","url":"https:\/\/cauim.tec.br\/","name":"Cauim - Sistema de gest\u00e3o para controle financeiro MEI","description":"Sistema de gest\u00e3o financeiro para MEI e pequenas empresas","publisher":{"@id":"https:\/\/cauim.tec.br\/#organization"},"potentialAction":[{"@type":"SearchAction","target":{"@type":"EntryPoint","urlTemplate":"https:\/\/cauim.tec.br\/?s={search_term_string}"},"query-input":{"@type":"PropertyValueSpecification","valueRequired":true,"valueName":"search_term_string"}}],"inLanguage":"es"},{"@type":"Organization","@id":"https:\/\/cauim.tec.br\/#organization","name":"Cauim - Sistema de gest\u00e3o para controle financeiro MEI","url":"https:\/\/cauim.tec.br\/","logo":{"@type":"ImageObject","inLanguage":"es","@id":"https:\/\/cauim.tec.br\/#\/schema\/logo\/image\/","url":"https:\/\/cauim.tec.br\/wp-content\/uploads\/2024\/03\/logo-cauim-1.png","contentUrl":"https:\/\/cauim.tec.br\/wp-content\/uploads\/2024\/03\/logo-cauim-1.png","width":540,"height":212,"caption":"Cauim - Sistema de gest\u00e3o para controle financeiro MEI"},"image":{"@id":"https:\/\/cauim.tec.br\/#\/schema\/logo\/image\/"}}]}},"_links":{"self":[{"href":"https:\/\/cauim.tec.br\/es\/wp-json\/wp\/v2\/pages\/1193","targetHints":{"allow":["GET"]}}],"collection":[{"href":"https:\/\/cauim.tec.br\/es\/wp-json\/wp\/v2\/pages"}],"about":[{"href":"https:\/\/cauim.tec.br\/es\/wp-json\/wp\/v2\/types\/page"}],"author":[{"embeddable":true,"href":"https:\/\/cauim.tec.br\/es\/wp-json\/wp\/v2\/users\/1"}],"replies":[{"embeddable":true,"href":"https:\/\/cauim.tec.br\/es\/wp-json\/wp\/v2\/comments?post=1193"}],"version-history":[{"count":91,"href":"https:\/\/cauim.tec.br\/es\/wp-json\/wp\/v2\/pages\/1193\/revisions"}],"predecessor-version":[{"id":1988,"href":"https:\/\/cauim.tec.br\/es\/wp-json\/wp\/v2\/pages\/1193\/revisions\/1988"}],"wp:attachment":[{"href":"https:\/\/cauim.tec.br\/es\/wp-json\/wp\/v2\/media?parent=1193"}],"curies":[{"name":"wp","href":"https:\/\/api.w.org\/{rel}","templated":true}]}}